{"id":510,"date":"2016-03-04T03:32:38","date_gmt":"2016-03-04T03:32:38","guid":{"rendered":"https:\/\/gaviaspreview.com\/wp\/oxpitan\/?page_id=510"},"modified":"2025-11-21T20:37:46","modified_gmt":"2025-11-21T20:37:46","slug":"new-2","status":"publish","type":"page","link":"https:\/\/echoesfreedom-org-lfah.usc1.mystaging.site\/es\/new-2\/","title":{"rendered":"Blog"},"content":{"rendered":"<div data-elementor-type=\"wp-post\" data-elementor-id=\"510\" class=\"elementor elementor-510\" data-elementor-post-type=\"page\">\n\t\t\t\t\t\t<section class=\"elementor-section elementor-top-section elementor-element elementor-element-5f08bc2 elementor-section-boxed elementor-section-height-default elementor-section-height-default\" data-id=\"5f08bc2\" data-element_type=\"section\">\n\t\t\t\t\t\t<div class=\"elementor-container elementor-column-gap-default\">\n\t\t\t\t\t<div class=\"elementor-column elementor-col-100 elementor-top-column elementor-element elementor-element-0f2583c column-style-top column-top\" data-id=\"0f2583c\" data-element_type=\"column\">\n\t\t\t<div class=\"elementor-widget-wrap elementor-element-populated\">\n\t\t\t\t\t\t<div class=\"elementor-element elementor-element-ec7622c elementor-widget elementor-widget-gva-posts\" data-id=\"ec7622c\" data-element_type=\"widget\" data-widget_type=\"gva-posts.default\">\n\t\t\t\t<div class=\"elementor-widget-container\">\n\t\t\t\t\t<div class=\"gva-element-gva-posts gva-element\">  \r\n  <div class=\"gva-posts-grid clearfix gva-posts\">\r\n      <div class=\"gva-content-items\"> \r\n        <div class=\"lg-block-grid-2 md-block-grid-2 sm-block-grid-2 xs-block-grid-1\">\r\n          \r\n<div class=\"item-columns all uncategorized\">\r\n   <article id=\"post-5815\" class=\"post post-5815 type-post status-publish format-standard has-post-thumbnail hentry category-uncategorized\">\r\n      <div class=\"post-thumbnail\">\r\n         <img fetchpriority=\"high\" decoding=\"async\" width=\"780\" height=\"550\" src=\"https:\/\/echoesfreedom-org-lfah.usc1.mystaging.site\/wp-content\/uploads\/2025\/11\/Gemini_Generated_Image_3f4ohi3f4ohi3f4o-780x550.png\" class=\"attachment-oxpitan_medium size-oxpitan_medium wp-post-image\" alt=\"Venezuela: Chronicles of Hunger and Resistance\" \/>      <\/div>   \r\n\r\n      <div class=\"entry-content\">\r\n         <div class=\"content-inner\">\r\n            \r\n            <h2 class=\"entry-title\"><a href=\"https:\/\/echoesfreedom-org-lfah.usc1.mystaging.site\/es\/venezuela-chronicles-of-hunger-and-resistance\/\" rel=\"bookmark\">Venezuela: Cr\u00f3nicas del hambre y la resistencia<\/a><\/h2>\r\n            \r\n            <div class=\"entry-meta\">\r\n                                <span class=\"cat-links\"><a href=\"https:\/\/echoesfreedom-org-lfah.usc1.mystaging.site\/es\/category\/uncategorized\/\" rel=\"category tag\">Sin categor\u00eda<\/a><\/span>\r\n                  <span class=\"line\"><\/span>\r\n                              <span class=\"entry-date\"><a href=\"https:\/\/echoesfreedom-org-lfah.usc1.mystaging.site\/es\/venezuela-chronicles-of-hunger-and-resistance\/\" rel=\"bookmark\"><time class=\"entry-date\" datetime=\"2025-11-06T15:40:21+00:00\">noviembre 6, 2025<\/time><\/a><\/span>            <\/div> \r\n\r\n            <div class=\"entry-description\">\r\n               El refrigerador zumba como un fantasma que olvid\u00f3 c\u00f3mo suena la comida. Han pasado tres d\u00edas desde que Luc\u00eda lo abri\u00f3 por \u00faltima vez, no porque no se atreva, sino porque ya sabe            <\/div>\r\n         <\/div>\r\n\r\n         <div class=\"read-more hidden\"><a class=\"btn-theme\" href=\"https:\/\/echoesfreedom-org-lfah.usc1.mystaging.site\/es\/venezuela-chronicles-of-hunger-and-resistance\/\">Read more<\/a><\/div>\r\n         \r\n      <\/div>\r\n   <\/article>   \r\n<\/div>\r\n\r\n  \r\n<div class=\"item-columns all digital-censorship voices-and-resistance\">\r\n   <article id=\"post-257\" class=\"post post-257 type-post status-publish format-gallery has-post-thumbnail hentry category-digital-censorship category-voices-and-resistance post_format-post-format-gallery\">\r\n      <div class=\"post-thumbnail\">\r\n         <img decoding=\"async\" width=\"780\" height=\"550\" src=\"https:\/\/echoesfreedom-org-lfah.usc1.mystaging.site\/wp-content\/uploads\/2016\/01\/Gemini_Generated_Image_lv0eohlv0eohlv0e-780x550.png\" class=\"attachment-oxpitan_medium size-oxpitan_medium wp-post-image\" alt=\"The voice that will not be silenced: young Cubans facing state silence\" \/>      <\/div>   \r\n\r\n      <div class=\"entry-content\">\r\n         <div class=\"content-inner\">\r\n            \r\n            <h2 class=\"entry-title\"><a href=\"https:\/\/echoesfreedom-org-lfah.usc1.mystaging.site\/es\/a-place-where-start-new-life-with-peace\/\" rel=\"bookmark\">La voz que no ser\u00e1 silenciada: j\u00f3venes cubanos frente al silencio del Estado<\/a><\/h2>\r\n            \r\n            <div class=\"entry-meta\">\r\n                                <span class=\"cat-links\"><a href=\"https:\/\/echoesfreedom-org-lfah.usc1.mystaging.site\/es\/category\/digital-censorship\/\" rel=\"category tag\">Censura Digital<\/a>, <a href=\"https:\/\/echoesfreedom-org-lfah.usc1.mystaging.site\/es\/category\/voices-and-resistance\/\" rel=\"category tag\">Voces y Resistenc\u00eda<\/a><\/span>\r\n                  <span class=\"line\"><\/span>\r\n                              <span class=\"entry-date\"><a href=\"https:\/\/echoesfreedom-org-lfah.usc1.mystaging.site\/es\/a-place-where-start-new-life-with-peace\/\" rel=\"bookmark\"><time class=\"entry-date\" datetime=\"2016-01-03T15:30:10+00:00\">enero 3, 2016<\/time><\/a><\/span>            <\/div> \r\n\r\n            <div class=\"entry-description\">\r\n               La noche era demasiado tranquila para La Habana. La ciudad suele vibrar \u2014incluso en su silencio\u2014 con la est\u00e1tica de radios antiguas y el eco de mil vidas.            <\/div>\r\n         <\/div>\r\n\r\n         <div class=\"read-more hidden\"><a class=\"btn-theme\" href=\"https:\/\/echoesfreedom-org-lfah.usc1.mystaging.site\/es\/a-place-where-start-new-life-with-peace\/\">Read more<\/a><\/div>\r\n         \r\n      <\/div>\r\n   <\/article>   \r\n<\/div>\r\n\r\n          <\/div>\r\n      <\/div>\r\n                <div class=\"pagination\">\r\n                        <\/div>\r\n        <\/div>\r\n  <\/div>\t\t\t\t<\/div>\n\t\t\t\t<\/div>\n\t\t\t\t\t<\/div>\n\t\t<\/div>\n\t\t\t\t\t<\/div>\n\t\t<\/section>\n\t\t\t\t<\/div>","protected":false},"excerpt":{"rendered":"<p>A place where start new life with peace Fashion, Movies January 3, 2016 It is a well-known fact that when any discussion on lead generation takes place, quality conquers over the measure. Though it is clearly known fact that people do not like Read more We can make a difference in families lives LifeStyle, Music [&hellip;]<\/p>","protected":false},"author":1,"featured_media":0,"parent":0,"menu_order":0,"comment_status":"closed","ping_status":"closed","template":"","meta":{"give_campaign_id":0,"footnotes":""},"class_list":["post-510","page","type-page","status-publish","hentry"],"campaignId":"","_links":{"self":[{"href":"https:\/\/echoesfreedom-org-lfah.usc1.mystaging.site\/es\/wp-json\/wp\/v2\/pages\/510","targetHints":{"allow":["GET"]}}],"collection":[{"href":"https:\/\/echoesfreedom-org-lfah.usc1.mystaging.site\/es\/wp-json\/wp\/v2\/pages"}],"about":[{"href":"https:\/\/echoesfreedom-org-lfah.usc1.mystaging.site\/es\/wp-json\/wp\/v2\/types\/page"}],"author":[{"embeddable":true,"href":"https:\/\/echoesfreedom-org-lfah.usc1.mystaging.site\/es\/wp-json\/wp\/v2\/users\/1"}],"replies":[{"embeddable":true,"href":"https:\/\/echoesfreedom-org-lfah.usc1.mystaging.site\/es\/wp-json\/wp\/v2\/comments?post=510"}],"version-history":[{"count":2,"href":"https:\/\/echoesfreedom-org-lfah.usc1.mystaging.site\/es\/wp-json\/wp\/v2\/pages\/510\/revisions"}],"predecessor-version":[{"id":6087,"href":"https:\/\/echoesfreedom-org-lfah.usc1.mystaging.site\/es\/wp-json\/wp\/v2\/pages\/510\/revisions\/6087"}],"wp:attachment":[{"href":"https:\/\/echoesfreedom-org-lfah.usc1.mystaging.site\/es\/wp-json\/wp\/v2\/media?parent=510"}],"curies":[{"name":"wp","href":"https:\/\/api.w.org\/{rel}","templated":true}]}}